 
 {"id":127,"date":"2012-10-15T15:09:33","date_gmt":"2012-10-15T14:09:33","guid":{"rendered":"http:\/\/atelierclermontfilmfest.wordpress.com\/?page_id=127"},"modified":"2021-03-24T21:26:58","modified_gmt":"2021-03-24T20:26:58","slug":"lycee-rene-descartes","status":"publish","type":"page","link":"https:\/\/atelier-filmfest.com\/archives\/lycee-rene-descartes\/","title":{"rendered":"DMA Lyc\u00e9e Ren\u00e9 Descartes"},"content":{"rendered":"<div>\n<blockquote>\n<div>\n<!-- Rendered by FancyBox without labels BEGIN -->\n\n\t<style type=\"text\/css\">\n\t\t\t\t\t#gallery-0 {\n\t\t\t\t\t\tmargin: auto;\n\t\t\t\t\t}\n\t\t\t\t\t#gallery-0 .gallery-item {\n\t\t\t\t\t\tfloat: left;\n\t\t\t\t\t\tmargin-top: 10px;\n\t\t\t\t\t\ttext-align: center;\n\t\t\t\t\t\twidth: 32%;\n\t\t\t\t\t}\n\t\t\t\t\t#gallery-0 img {\n\t\t\t\t\t\tborder: 2px solid #cfcfcf;\n\t\t\t\t\t}\n\t\t\t\t\t#gallery-0 .gallery-caption {\n\t\t\t\t\t\tmargin-left: 0;\n\t\t\t\t\t}\n\t<\/style>\n<script type=\"text\/javascript\">\n$(document).ready(function() {\n\t\/*\n\t *  Simple image gallery. Uses default settings\n\t *\/\n\n\t$(\".fancybox\").fancybox({\n\t\t\"transitionIn\"\t\t: \"none\",\n\t\t\"transitionOut\"\t\t: \"none\",\n\t\t\"titlePosition\" \t: \"over\"\n\n\t});\n});\n<\/script>\n\n\t<div id=\"gallery-0\" class=\"gallery galleryid-0 gallery-size-thumbnail\" style=\"\"><dl class=\"gallery-item\"><dt class=\"gallery-icon\">\n\t\t<a class=\"fancybox\" href=\"https:\/\/atelier-filmfest.com\/archives\/wp-content\/uploads\/2012\/10\/Labo-DMA-2-683x1024.jpeg\" rel=\"gallery-0\"><img width=\"150\" height=\"150\" class=\"attachment-thumbnail\" alt=\"\" src=\"https:\/\/atelier-filmfest.com\/archives\/wp-content\/uploads\/2012\/10\/Labo-DMA-2-150x150.jpeg\" \/><\/a><\/dt><\/dl>\n\n<dl class=\"gallery-item\"><dt class=\"gallery-icon\">\n\t\t<a class=\"fancybox\" href=\"https:\/\/atelier-filmfest.com\/archives\/wp-content\/uploads\/2012\/10\/DMA-\u00e9cran-1024x683.jpeg\" rel=\"gallery-0\"><img width=\"150\" height=\"150\" class=\"attachment-thumbnail\" alt=\"\" src=\"https:\/\/atelier-filmfest.com\/archives\/wp-content\/uploads\/2012\/10\/DMA-\u00e9cran-150x150.jpeg\" \/><\/a><\/dt><\/dl>\n\n<dl class=\"gallery-item\"><dt class=\"gallery-icon\">\n\t\t<a class=\"fancybox\" href=\"https:\/\/atelier-filmfest.com\/archives\/wp-content\/uploads\/2012\/10\/DMA-Jacques-683x1024.jpeg\" rel=\"gallery-0\"><img width=\"150\" height=\"150\" class=\"attachment-thumbnail\" alt=\"\" src=\"https:\/\/atelier-filmfest.com\/archives\/wp-content\/uploads\/2012\/10\/DMA-Jacques-150x150.jpeg\" \/><\/a><\/dt><\/dl>\n\n<dl class=\"gallery-item\"><dt class=\"gallery-icon\">\n\t\t<a class=\"fancybox\" href=\"https:\/\/atelier-filmfest.com\/archives\/wp-content\/uploads\/2012\/10\/DMA-tableau-683x1024.jpeg\" rel=\"gallery-0\"><img width=\"150\" height=\"150\" class=\"attachment-thumbnail\" alt=\"\" src=\"https:\/\/atelier-filmfest.com\/archives\/wp-content\/uploads\/2012\/10\/DMA-tableau-150x150.jpeg\" \/><\/a><\/dt><\/dl>\n\n<dl class=\"gallery-item\"><dt class=\"gallery-icon\">\n\t\t<a class=\"fancybox\" href=\"https:\/\/atelier-filmfest.com\/archives\/wp-content\/uploads\/2012\/10\/DMA-ordis.jpg\" rel=\"gallery-0\"><img width=\"150\" height=\"150\" class=\"attachment-thumbnail\" alt=\"\" src=\"https:\/\/atelier-filmfest.com\/archives\/wp-content\/uploads\/2012\/10\/DMA-ordis-150x150.jpg\" \/><\/a><\/dt><\/dl>\n\n<dl class=\"gallery-item\"><dt class=\"gallery-icon\">\n\t\t<a class=\"fancybox\" href=\"https:\/\/atelier-filmfest.com\/archives\/wp-content\/uploads\/2012\/10\/Labo-DMA.jpeg\" rel=\"gallery-0\"><img width=\"150\" height=\"150\" class=\"attachment-thumbnail\" alt=\"\" src=\"https:\/\/atelier-filmfest.com\/archives\/wp-content\/uploads\/2012\/10\/Labo-DMA-150x150.jpeg\" \/><\/a><\/dt><\/dl>\n\n<dl class=\"gallery-item\"><dt class=\"gallery-icon\">\n\t\t<a class=\"fancybox\" href=\"https:\/\/atelier-filmfest.com\/archives\/wp-content\/uploads\/2012\/10\/DMA-1.jpeg\" rel=\"gallery-0\"><img width=\"150\" height=\"150\" class=\"attachment-thumbnail\" alt=\"\" src=\"https:\/\/atelier-filmfest.com\/archives\/wp-content\/uploads\/2012\/10\/DMA-1-150x150.jpeg\" \/><\/a><\/dt><\/dl>\n\n<\/div><br clear=\"all\" \/><!-- Rendered by FancyBox without labels END -->\n\n<\/div>\n<div><\/div>\n<div style=\"text-align: justify;\"><strong>\u00ab\u00a0Y a-t-il une vie entre deux images?<\/strong><\/div>\n<\/blockquote>\n<\/div>\n<div style=\"text-align: justify;\">\n<div>\n<blockquote>\n<div><i>Deux \u00e9quipes de chercheurs du DMA option cin\u00e9ma d&rsquo;animation de l&rsquo;Institut lyc\u00e9e Descartes de Cournon d&rsquo;Auvergne m\u00e8neront parall\u00e8lement et cons\u00e9cutivement leurs protocoles exp\u00e9rimentaux visant \u00e0 quantifier m\u00e9thodiquement le potentiel animatoire des ph\u00e9nom\u00e8nes physiques.<\/i><\/div>\n<\/blockquote>\n<\/div>\n<\/div>\n<blockquote>\n<div>\n<div>\n<div style=\"text-align: justify;\"><i>Ma\u00eetre Sabatier, docteur S fond vert et incrustations, a fr\u00f4l\u00e9 le prix Nobel il y a quatre mois avec ses travaux consacr\u00e9s \u00e0 l&rsquo;effet phi (\u00ab\u00a0L&rsquo;effet phi \u00e0 l&rsquo;\u00e9preuve de l&rsquo;\u00e9tude comportementale des limaces en milieu urbain\u00a0\u00bb in la revue \u00ab\u00a0Le corps genouill\u00e9 lat\u00e9ral\u00a0\u00bb n\u00b0435 du 11 septembre 2012). Il dirigera une \u00e9quipe de jeunes mais fougueux cin\u00e9tico-scientifiques d\u00e9sireux d&rsquo;en d\u00e9coudre avec les exp\u00e9riences les plus p\u00e9rilleuses.<\/i><\/div>\n<div style=\"text-align: justify;\"><i>Dr Guyonnet\u00a0<\/i><i>chapeautera les recherches de notre deuxi\u00e8me \u00e9quipe, compos\u00e9e de jeunes gens en blouse,\u00a0piaffant\u00a0dans les starting blocs, bavant d&rsquo;impatience d&rsquo;amorcer la d\u00e9couverte de cette faille encore inexplor\u00e9e : l&rsquo;entre deux images&#8230;<\/i><i>\u00a0 La th\u00e8se de 8\u00e8me cycle de Dr Guyonnet, intitul\u00e9e \u00ab\u00a0Comment voyager dans le temps gr\u00e2ce \u00e0 la musique new wave ?\u00a0\u00bb, avait d\u00e9j\u00e0 fait du bruit dans le Landerneau de la chrono-musicologie appliqu\u00e9e il y a quelques ann\u00e9es, annon\u00e7ant cette fulgurante carri\u00e8re faite d&rsquo;un nombre impressionnant de publications dans les revues internationales, sans oublier les innombrables conf\u00e9rences qui ont su asseoir sa renomm\u00e9e.<\/i><\/div>\n<div style=\"text-align: justify;\"><i>\u00a0<\/i><\/div>\n<div style=\"text-align: justify;\"><i>Les protocoles se d\u00e9rouleront gr\u00e2ce \u00e0 un mat\u00e9riel scientifique sp\u00e9cialement \u00e9tudi\u00e9 et r\u00e9pondant aux normes, compos\u00e9 d&rsquo;une bo\u00eete de Skinner g\u00e9ante permettant des conditions optimales d&rsquo;observation et de relev\u00e9 des r\u00e9sultats ; des computers tr\u00e8s performants interpreteront en direct les-dits r\u00e9sultats.\u00a0\u00bb<\/i><\/div>\n<\/div>\n<\/div>\n<\/blockquote>\n<div style=\"text-align: justify;\">\n<div><\/div>\n<div>\u00a0 \u00a0 \u00a0 \u00a0 \u00a0 \u00a0\u00a0<a href=\"http:\/\/atelierclermontfilmfest.files.wordpress.com\/2012\/10\/dma-atelier-exp-dc3a9marage.pdf\">Plan d&rsquo;installation du DMA Descartes<\/a><\/div>\n<div><\/div>\n<div><\/div>\n<div><\/div>\n<div><\/div>\n<div><\/div>\n<div><\/div>\n<\/div>\n<div><\/div>\n","protected":false},"excerpt":{"rendered":"<p>\u00ab\u00a0Y a-t-il une vie entre deux images? Deux \u00e9quipes de chercheurs du DMA option cin\u00e9ma d&rsquo;animation de l&rsquo;Institut lyc\u00e9e Descartes de Cournon d&rsquo;Auvergne m\u00e8neront parall\u00e8lement et cons\u00e9cutivement leurs protocoles exp\u00e9rimentaux visant \u00e0 quantifier m\u00e9thodiquement le potentiel animatoire des ph\u00e9nom\u00e8nes physiques. Ma\u00eetre Sabatier, docteur S fond vert et incrustations, a fr\u00f4l\u00e9&#8230;<\/p>\n<p><a class='more-link' href='https:\/\/atelier-filmfest.com\/archives\/lycee-rene-descartes\/'><span class='screen-reader-text'>DMA Lyc\u00e9e Ren\u00e9 Descartes<\/span><\/a><\/p>","protected":false},"author":3,"featured_media":0,"parent":0,"menu_order":0,"comment_status":"closed","ping_status":"closed","template":"","meta":[],"_links":{"self":[{"href":"https:\/\/atelier-filmfest.com\/archives\/wp-json\/wp\/v2\/pages\/127"}],"collection":[{"href":"https:\/\/atelier-filmfest.com\/archives\/wp-json\/wp\/v2\/pages"}],"about":[{"href":"https:\/\/atelier-filmfest.com\/archives\/wp-json\/wp\/v2\/types\/page"}],"author":[{"embeddable":true,"href":"https:\/\/atelier-filmfest.com\/archives\/wp-json\/wp\/v2\/users\/3"}],"replies":[{"embeddable":true,"href":"https:\/\/atelier-filmfest.com\/archives\/wp-json\/wp\/v2\/comments?post=127"}],"version-history":[{"count":1,"href":"https:\/\/atelier-filmfest.com\/archives\/wp-json\/wp\/v2\/pages\/127\/revisions"}],"predecessor-version":[{"id":6111,"href":"https:\/\/atelier-filmfest.com\/archives\/wp-json\/wp\/v2\/pages\/127\/revisions\/6111"}],"wp:attachment":[{"href":"https:\/\/atelier-filmfest.com\/archives\/wp-json\/wp\/v2\/media?parent=127"}],"curies":[{"name":"wp","href":"https:\/\/api.w.org\/{rel}","templated":true}]}}