 
 {"id":146,"date":"2012-10-15T15:15:49","date_gmt":"2012-10-15T14:15:49","guid":{"rendered":"http:\/\/atelierclermontfilmfest.wordpress.com\/?page_id=146"},"modified":"2021-03-24T21:26:58","modified_gmt":"2021-03-24T20:26:58","slug":"archives-2","status":"publish","type":"page","link":"https:\/\/atelier-filmfest.com\/archives\/archives-2\/","title":{"rendered":"Archives"},"content":{"rendered":"<p>Archives de l&rsquo;Atelier<\/p>\n<p><strong><em>Red\u00e9couvrez ou d\u00e9couvrez ce que l&rsquo;Atelier a propos\u00e9 ces derni\u00e8res ann\u00e9es&#8230;<\/em><\/strong><\/p>\n","protected":false},"excerpt":{"rendered":"<p>Archives de l&rsquo;Atelier Red\u00e9couvrez ou d\u00e9couvrez ce que l&rsquo;Atelier a propos\u00e9 ces derni\u00e8res ann\u00e9es&#8230;<\/p>\n<p><a class='more-link' href='https:\/\/atelier-filmfest.com\/archives\/archives-2\/'><span class='screen-reader-text'>Archives<\/span><\/a><\/p>","protected":false},"author":3,"featured_media":0,"parent":0,"menu_order":0,"comment_status":"closed","ping_status":"closed","template":"","meta":[],"_links":{"self":[{"href":"https:\/\/atelier-filmfest.com\/archives\/wp-json\/wp\/v2\/pages\/146"}],"collection":[{"href":"https:\/\/atelier-filmfest.com\/archives\/wp-json\/wp\/v2\/pages"}],"about":[{"href":"https:\/\/atelier-filmfest.com\/archives\/wp-json\/wp\/v2\/types\/page"}],"author":[{"embeddable":true,"href":"https:\/\/atelier-filmfest.com\/archives\/wp-json\/wp\/v2\/users\/3"}],"replies":[{"embeddable":true,"href":"https:\/\/atelier-filmfest.com\/archives\/wp-json\/wp\/v2\/comments?post=146"}],"version-history":[{"count":1,"href":"https:\/\/atelier-filmfest.com\/archives\/wp-json\/wp\/v2\/pages\/146\/revisions"}],"predecessor-version":[{"id":6061,"href":"https:\/\/atelier-filmfest.com\/archives\/wp-json\/wp\/v2\/pages\/146\/revisions\/6061"}],"wp:attachment":[{"href":"https:\/\/atelier-filmfest.com\/archives\/wp-json\/wp\/v2\/media?parent=146"}],"curies":[{"name":"wp","href":"https:\/\/api.w.org\/{rel}","templated":true}]}}