 
 {"id":165,"date":"2012-10-15T07:57:50","date_gmt":"2012-10-15T07:57:50","guid":{"rendered":"http:\/\/atelierclermontfilmfest.wordpress.com\/?page_id=2"},"modified":"2021-03-24T21:26:58","modified_gmt":"2021-03-24T20:26:58","slug":"about","status":"publish","type":"page","link":"https:\/\/atelier-filmfest.com\/archives\/about\/","title":{"rendered":"L&rsquo;Atelier"},"content":{"rendered":"<h3 style=\"text-align: justify;\"><strong><em>L\u2019Atelier 15<sup>e<\/sup> \u00e9dition <\/em><\/strong><\/h3>\n<p style=\"text-align: justify;\">Pilot\u00e9 par Sauve qui peut le court m\u00e9trage, l\u2019\u00c9cole Nationale Sup\u00e9rieure d\u2019Architecture et l\u2019\u00c9cole Sup\u00e9rieure de Commerce de Clermont-Ferrand, ce workshop associe \u00e9coles de cin\u00e9ma, studios de cr\u00e9ation, centres de formation aux m\u00e9tiers de l\u2019image et du son.<\/p>\n<p style=\"text-align: justify;\">Durant cinq jours, le plateau de tournage vit au rythme des sc\u00e8nes tourn\u00e9es, d\u00e9coup\u00e9es, mont\u00e9es avec toute sa m\u00e9nagerie de r\u00e9alisateurs, d\u2019assistants, de photographes, de cadreurs, de monteurs, de truqueurs, de preneurs et d\u2019ing\u00e9nieurs du son, de <em>sound designers<\/em>, de mixeurs, de compositeurs et instrumentistes, d\u2019animateurs, de directeurs de post-prod, de superviseurs d\u2019effets sp\u00e9ciaux, de graphistes et d\u2019infographistes 2D et 3D, de r\u00e9alit\u00e9 virtuelle, de d\u00e9corateurs, d\u2019acteurs, de maquilleuses\u2026<\/p>\n<p style=\"text-align: justify;\">V\u00e9ritable lieu de transmission, les \u00e9tudiants des diff\u00e9rentes \u00e9coles sont invit\u00e9s \u00e0 pr\u00e9senter leurs cr\u00e9ations et leurs savoir-faire en direction des visiteurs, et plus particuli\u00e8rement des \u00e9l\u00e8ves, privil\u00e9giant surtout les instants de partage et de d\u00e9couverte.<\/p>\n<p style=\"text-align: justify;\"><em>L\u2019Atelier<\/em> est au c\u0153ur du secret de la fabrication des films. Il en d\u00e9voile les \u00e9tapes de leur cr\u00e9ation. Il invite \u00e0 y rentrer pour voir, apprendre, apprendre \u00e0 voir, regarder, \u00e9couter, poser des questions, puis essayer \u00e0 son tour.<\/p>\n<p style=\"text-align: justify;\"><strong>Du lundi 04 f\u00e9vrier au vendredi 08 f\u00e9vrier 2019<\/strong><\/p>\n<p>\u00c9cole sup\u00e9rieure de Commerce de Clermont-ferrand<br \/>\n4 Boulevard Trudaine 63000 Clermont-ferrand<\/p>\n<p style=\"text-align: center;\"><span style=\"color: #1fad2b;\">__________________________________________________________________<\/span><\/p>\n<h3 style=\"text-align: justify;\">\u00a0<em><strong>15<sup>th<\/sup> Edition of the Atelier<\/strong><\/em><strong>\u00a0<\/strong><strong>\u00a0<\/strong><\/h3>\n<p style=\"text-align: justify;\">The workshop, which is run by Sauve Qui Peut Le Court M\u00e9trage, the \u00c9cole Nationale Sup\u00e9rieure d\u2019Architecture and the \u00c9cole Sup\u00e9rieure de Commerce in Clermont-Ferrand, brings together film schools, design studios and schools specializing in sound and moving image careers. For five days, the film sets of the <em>Atelier<\/em> will be home to scenes that are shot and edited with a whole panoply of directors, assistants, photographers, cameramen, editors, special effects supervisors, sound recordists and sound engineers, composers and musicians, animators, post-production supervisors, 2D and 3D graphic designers, virtual reality specialists, production designers, actors, makeup artists\u2026<\/p>\n<p style=\"text-align: justify;\">The <em>Atelier<\/em> is a forum for sharing knowledge and experience, enabling students from different schools to present their creations and skills to visitors, especially schoolchildren. The focus will be on sharing and discovery.<\/p>\n<p style=\"text-align: justify;\">The<em> Atelier<\/em> unveils step by step the secrets of filmmaking. It invites visitors to come and see, learn, listen, ask questions and then try for themselves.<\/p>\n<p style=\"text-align: justify;\"><strong>From Monday February 4th to Friday February 8th.<\/strong><\/p>\n<p style=\"text-align: justify;\">\u00c9cole sup\u00e9rieure de Commerce de Clermont-ferrand<br \/>\n4 Boulevard Trudaine 63000 Clermont-ferrande<\/p>\n<p style=\"text-align: justify;\">\n","protected":false},"excerpt":{"rendered":"<p>L\u2019Atelier 15e \u00e9dition Pilot\u00e9 par Sauve qui peut le court m\u00e9trage, l\u2019\u00c9cole Nationale Sup\u00e9rieure d\u2019Architecture et l\u2019\u00c9cole Sup\u00e9rieure de Commerce de Clermont-Ferrand, ce workshop associe \u00e9coles de cin\u00e9ma, studios de cr\u00e9ation, centres de formation aux m\u00e9tiers de l\u2019image et du son. Durant cinq jours, le plateau de tournage vit au&#8230;<\/p>\n<p><a class='more-link' href='https:\/\/atelier-filmfest.com\/archives\/about\/'><span class='screen-reader-text'>L&rsquo;Atelier<\/span><\/a><\/p>","protected":false},"author":3,"featured_media":0,"parent":0,"menu_order":0,"comment_status":"closed","ping_status":"closed","template":"","meta":[],"_links":{"self":[{"href":"https:\/\/atelier-filmfest.com\/archives\/wp-json\/wp\/v2\/pages\/165"}],"collection":[{"href":"https:\/\/atelier-filmfest.com\/archives\/wp-json\/wp\/v2\/pages"}],"about":[{"href":"https:\/\/atelier-filmfest.com\/archives\/wp-json\/wp\/v2\/types\/page"}],"author":[{"embeddable":true,"href":"https:\/\/atelier-filmfest.com\/archives\/wp-json\/wp\/v2\/users\/3"}],"replies":[{"embeddable":true,"href":"https:\/\/atelier-filmfest.com\/archives\/wp-json\/wp\/v2\/comments?post=165"}],"version-history":[{"count":1,"href":"https:\/\/atelier-filmfest.com\/archives\/wp-json\/wp\/v2\/pages\/165\/revisions"}],"predecessor-version":[{"id":6124,"href":"https:\/\/atelier-filmfest.com\/archives\/wp-json\/wp\/v2\/pages\/165\/revisions\/6124"}],"wp:attachment":[{"href":"https:\/\/atelier-filmfest.com\/archives\/wp-json\/wp\/v2\/media?parent=165"}],"curies":[{"name":"wp","href":"https:\/\/api.w.org\/{rel}","templated":true}]}}