 
 {"id":2738,"date":"2013-10-30T12:04:28","date_gmt":"2013-10-30T11:04:28","guid":{"rendered":"http:\/\/ns203004.ovh.net\/%7Eatelfilm\/?page_id=2738"},"modified":"2021-03-24T21:26:58","modified_gmt":"2021-03-24T20:26:58","slug":"art-fx-2","status":"publish","type":"page","link":"https:\/\/atelier-filmfest.com\/archives\/art-fx-2\/","title":{"rendered":"ArtFX"},"content":{"rendered":"<p>[:fr]<a href=\"http:\/\/atelier-filmfest.com\/wp-content\/uploads\/2013\/10\/artfx1.jpg\" target=\"_blank\" rel=\"noopener noreferrer\"><img decoding=\"async\" loading=\"lazy\" class=\"aligncenter wp-image-4060 size-full\" src=\"http:\/\/atelier-filmfest.com\/wp-content\/uploads\/2013\/10\/artfx1.jpg\" alt=\"artfx\" width=\"590\" height=\"295\" srcset=\"https:\/\/atelier-filmfest.com\/archives\/wp-content\/uploads\/2013\/10\/artfx1.jpg 590w, https:\/\/atelier-filmfest.com\/archives\/wp-content\/uploads\/2013\/10\/artfx1-300x150.jpg 300w\" sizes=\"(max-width: 590px) 100vw, 590px\" \/><\/a><\/p>\n<p>&nbsp;<\/p>\n<p><span style=\"text-decoration: underline;\"><strong>L&rsquo;\u00c9COLE :<\/strong><\/span><\/p>\n<p>Fond\u00e9e en 2004 \u00e0 Montpellier par des professionnels passionn\u00e9s issus de l\u2019industrie du cin\u00e9ma. Elle forme des jeunes talents aux m\u00e9tiers de l\u2019animation 2D et 3D, du cin\u00e9ma d\u2019effets sp\u00e9ciaux, du jeu vid\u00e9o.<\/p>\n<p>ArtFX est une \u00e9cole reconnue internationalement (top 10 des meilleures \u00e9coles cr\u00e9atives au monde) pour ses formations de qualit\u00e9, en totale ad\u00e9quation avec les besoins des studios et pour son r\u00e9seau professionnel \u00e9tendu.<\/p>\n<p>ArtFX se situe au c\u0153ur de l\u2019innovation en conjuguant hautes technologies et savoir-faire traditionnel. Con\u00e7ue autour de workshops encadr\u00e9s pas des professionnels du monde entier, la p\u00e9dagogie unique d&rsquo;ArtFX am\u00e8ne l&rsquo;\u00e9tudiant \u00e0 devenir acteur de son apprentissage. Tout au long de son cursus, les \u00e9tudiants cultivent autonomie, curiosit\u00e9, maturit\u00e9 professionnelle, cr\u00e9ativit\u00e9 et technicit\u00e9.<\/p>\n<ul>\n<li>En savoir plus : <strong><a href=\"http:\/\/www.artfx.fr\/\" target=\"_blank\" rel=\"noopener noreferrer\">Site Internet ARTFX<\/a><\/strong><\/li>\n<\/ul>\n<p>&nbsp;<\/p>\n<p><img decoding=\"async\" loading=\"lazy\" class=\"aligncenter size-full wp-image-5091\" src=\"http:\/\/atelier-filmfest.com\/wp-content\/uploads\/2018\/11\/ARTFX_LOGO_BASELINE_BLACK_FLAT.jpg\" alt=\"\" width=\"1920\" height=\"857\" srcset=\"https:\/\/atelier-filmfest.com\/archives\/wp-content\/uploads\/2018\/11\/ARTFX_LOGO_BASELINE_BLACK_FLAT.jpg 1200w, https:\/\/atelier-filmfest.com\/archives\/wp-content\/uploads\/2018\/11\/ARTFX_LOGO_BASELINE_BLACK_FLAT-300x134.jpg 300w, https:\/\/atelier-filmfest.com\/archives\/wp-content\/uploads\/2018\/11\/ARTFX_LOGO_BASELINE_BLACK_FLAT-768x343.jpg 768w, https:\/\/atelier-filmfest.com\/archives\/wp-content\/uploads\/2018\/11\/ARTFX_LOGO_BASELINE_BLACK_FLAT-1024x457.jpg 1024w, https:\/\/atelier-filmfest.com\/archives\/wp-content\/uploads\/2018\/11\/ARTFX_LOGO_BASELINE_BLACK_FLAT-700x312.jpg 700w\" sizes=\"(max-width: 1920px) 100vw, 1920px\" \/>[:en]<\/p>\n<p style=\"text-align: justify;\"><strong>ArtFx\u00a0: l\u2019<img decoding=\"async\" loading=\"lazy\" class=\"alignleft\" style=\"color: #333333; font-style: normal; line-height: 24px;\" src=\"http:\/\/ns203004.ovh.net\/%7Eatelfilm\/wp-content\/uploads\/2012\/10\/logo-ArtFX-150x150.jpg\" alt=\"logo ArtFX\" width=\"150\" height=\"150\" \/>\u00e9cole des effets sp\u00e9ciaux num\u00e9riques, du cin\u00e9ma d\u2019animation 3D et du jeu vid\u00e9o \u00e0 Montpellier<br \/>\n<\/strong>L\u2019\u00e9cole d\u2019enseignement sup\u00e9rieur\u00a0<a href=\"http:\/\/www.artfx.fr\/\" target=\"_blank\" rel=\"noopener noreferrer\">ArtFx<\/a>\u00a0propose des formations en 5 ans aux m\u00e9tiers des effets sp\u00e9ciaux num\u00e9riques, du cin\u00e9ma d\u2019animation 3D, de l\u2019infographie et du jeu vid\u00e9o. Situ\u00e9e \u00e0 Montpellier, l\u2019\u00e9cole a \u00e9t\u00e9 cr\u00e9\u00e9e par des professionnels du cin\u00e9ma, de l\u2019animation, du jeu vid\u00e9o et des effets visuels.<\/p>\n<p><iframe loading=\"lazy\" src=\"https:\/\/player.vimeo.com\/video\/99035010?dnt=1&amp;app_id=122963\" width=\"500\" height=\"281\" frameborder=\"0\" allow=\"autoplay; fullscreen\" allowfullscreen title=\"\/\/ ArtFX OFFICIEL \/\/ Teaser Promo 2014\"><\/iframe><\/p>\n<p style=\"text-align: justify;\">Cette ann\u00e9e, l\u2019\u00e9cole ArtFx propose un atelier anim\u00e9 par les \u00e9tudiants de 3<sup>e<\/sup>\u00a0ann\u00e9e autour de l\u2019impression 3D. Une d\u00e9monstration in situ pr\u00e9sentera toute la cha\u00eene de fabrication du scan \u00e0 l\u2019impression.<\/p>\n<p style=\"text-align: justify;\">L\u2019atelier s\u2019articule \u00e0 partir d\u2019une s\u00e9rie de photos afin de g\u00e9n\u00e9rer un scan 3D. Cette nouvelle technique mobile, appel\u00e9e retopologie d\u2019environnement, permet de gagner un temps consid\u00e9rable dans le processus de cr\u00e9ation d\u2019objets 3D.<\/p>\n<p style=\"text-align: justify;\">Plusieurs espaces composent cette d\u00e9monstration\u00a0: une partie fond vert permettant de prendre en photo l\u2019objet, un poste sur lequel l\u2019objet est transform\u00e9 en 3D par le logiciel Maya et enfin un poste d\u00e9di\u00e9 \u00e0 l\u2019impression 3D.<\/p>\n<p style=\"text-align: justify;\">De plus, lors de cette manifestation, ArtFx projette un panel de films r\u00e9alis\u00e9s par ses \u00e9tudiants, de la 1<sup>re\u00a0<\/sup>\u00e0 la 5<sup>e<\/sup>\u00a0ann\u00e9e. Venez d\u00e9couvrir les talents qui feront le cin\u00e9ma num\u00e9rique, l\u2019animation 3D et le jeu vid\u00e9o de demain\u00a0!<\/p>\n<div class=\"page\" title=\"Page 1\">\n<div class=\"layoutArea\">\n<div class=\"column\">\n<p style=\"text-align: justify;\"><span style=\"color: #ff6600;\"><strong>[L&rsquo;ATELIER : le photo-modeling dans le cin\u00e9ma \u00ab\u00a0du scan 3D au Print 3D\u00a0\u00bb] <\/strong><\/span><\/p>\n<p style=\"text-align: justify;\">Cette ann\u00e9e sera propos\u00e9\u00a0un stand avec :<\/p>\n<p style=\"text-align: justify;\">&#8211; \u00a0Une prise de vue d&rsquo;objets et de personnes sur fond vert d\u00e9di\u00e9e au photo-modeling.<br \/>\n&#8211; \u00a0Retopologie 3D assist\u00e9e par le logiciel Memento et la pr\u00e9sentation des contraintes de modeling.<br \/>\n&#8211; \u00a0l&rsquo;Impression 3D et la pr\u00e9sentation de l&rsquo;utilisation dans le secteur du cin\u00e9ma de cette nouvelle technologie, (pr\u00e9sentation des travaux d\u00e9j\u00e0 effectu\u00e9s sur les films de fin d&rsquo;ann\u00e9es; pour la reconstitution partielle ou enti\u00e8re d&rsquo;environnement, d&rsquo;aide au tracking etc&#8230;)<br \/>\n&#8211; La projection d\u2019une s\u00e9lection de films de l&rsquo;\u00e9cole toutes classes confondues (Stop Motion, Fiction\u00a0VFX, Film de fin d&rsquo;\u00e9tudes et leurs making-of.)<\/p>\n<p style=\"text-align: justify;\">1\u00b0\/ Prise de vue Fond vert<br \/>\nIl s&rsquo;agit de prendre une s\u00e9rie de photos sur fond vert, d&rsquo;un objet ou d&rsquo;une personne statique afin d&rsquo;en recr\u00e9er le volume en 3D.<\/p>\n<p style=\"text-align: justify;\">2\u00b0\/ Retopologie 3D<br \/>\nLes photos issues de la prise de vue fond vert seront envoy\u00e9es dans MEMENTO (logiciel en ligne d&rsquo;Autodesk) pour g\u00e9n\u00e9rer le volume 3d qui sera \u00ab clean\u00e9 \u00bb et mis au bon format pour l&rsquo;impression 3D.<br \/>\nL&rsquo;\u00e9quipe devra expliquer les diverses contraintes que cela comporte tant dans le filtrage des photos utiles, que dans le \u00ab\u00a0nettoyage du model 3D\u00a0\u00bb obtenu via Memento pour que l&rsquo;impression soit viable.<br \/>\nL&rsquo;import du model sous MAYA permettra les conversions n\u00e9cessaires, mais \u00e9galement la visualisation des \u00ab\u00a0MAPS\u00a0\u00bb de couleur que l&rsquo;ont peut obtenir avec une telle technique, (non utilis\u00e9e dans notre cas, puisque l&rsquo;impri- mante fournie ne le permet pas.)<\/p>\n<p style=\"text-align: justify;\">3\u00b0\/ Impression 3D<br \/>\nPr\u00e9sentation de l\u2019impression 3D de nos scans, ou de nos models 3D pr\u00e9par\u00e9s en amont.<br \/>\nPr\u00e9sentation de l&rsquo;importance de cette nouvelle technologie dans le monde du cin\u00e9ma.<br \/>\n<span style=\"font-size: 1em; line-height: 1.5;\">Des vid\u00e9os explicatives, avec des plans r\u00e9alis\u00e9s sur nos films de fin d&rsquo;\u00e9tudes ou sur des exercices faits en cours, seront diffus\u00e9es afin d&rsquo;illustrer au mieux l\u2019emploi de ces models 3D obtenus.<\/span><\/p>\n<\/div>\n<\/div>\n<\/div>\n<p style=\"text-align: justify;\"><strong>Pour suivre le travail de Artfx \u00e0 l&rsquo;Atelier rendez-vous sur\u00a0<strong>leur\u00a0<\/strong><a title=\"leur blog\" href=\"http:\/\/blog.artfx.fr\/\" target=\"_blank\" rel=\"noopener noreferrer\">blog<\/a><\/strong><\/p>\n<p>[:]<\/p>\n","protected":false},"excerpt":{"rendered":"<p>[:fr] &nbsp; L&rsquo;\u00c9COLE : Fond\u00e9e en 2004 \u00e0 Montpellier par des professionnels passionn\u00e9s issus de l\u2019industrie du cin\u00e9ma. Elle forme des jeunes talents aux m\u00e9tiers de l\u2019animation 2D et 3D, du cin\u00e9ma d\u2019effets sp\u00e9ciaux, du jeu vid\u00e9o. ArtFX est une \u00e9cole reconnue internationalement (top 10 des meilleures \u00e9coles cr\u00e9atives au&#8230;<\/p>\n<p><a class='more-link' href='https:\/\/atelier-filmfest.com\/archives\/art-fx-2\/'><span class='screen-reader-text'>ArtFX<\/span><\/a><\/p>","protected":false},"author":3,"featured_media":0,"parent":0,"menu_order":0,"comment_status":"closed","ping_status":"closed","template":"","meta":[],"_links":{"self":[{"href":"https:\/\/atelier-filmfest.com\/archives\/wp-json\/wp\/v2\/pages\/2738"}],"collection":[{"href":"https:\/\/atelier-filmfest.com\/archives\/wp-json\/wp\/v2\/pages"}],"about":[{"href":"https:\/\/atelier-filmfest.com\/archives\/wp-json\/wp\/v2\/types\/page"}],"author":[{"embeddable":true,"href":"https:\/\/atelier-filmfest.com\/archives\/wp-json\/wp\/v2\/users\/3"}],"replies":[{"embeddable":true,"href":"https:\/\/atelier-filmfest.com\/archives\/wp-json\/wp\/v2\/comments?post=2738"}],"version-history":[{"count":1,"href":"https:\/\/atelier-filmfest.com\/archives\/wp-json\/wp\/v2\/pages\/2738\/revisions"}],"predecessor-version":[{"id":6103,"href":"https:\/\/atelier-filmfest.com\/archives\/wp-json\/wp\/v2\/pages\/2738\/revisions\/6103"}],"wp:attachment":[{"href":"https:\/\/atelier-filmfest.com\/archives\/wp-json\/wp\/v2\/media?parent=2738"}],"curies":[{"name":"wp","href":"https:\/\/api.w.org\/{rel}","templated":true}]}}