 
 {"id":381,"date":"2012-10-19T15:18:40","date_gmt":"2012-10-19T14:18:40","guid":{"rendered":"http:\/\/atelierclermontfilmfest.wordpress.com\/?page_id=381"},"modified":"2021-03-24T21:26:58","modified_gmt":"2021-03-24T20:26:58","slug":"tous-a-clermont-1","status":"publish","type":"page","link":"https:\/\/atelier-filmfest.com\/archives\/archives-2\/2010-2\/lapinsbleu\/tous-a-clermont-1\/","title":{"rendered":"Tous \u00e0 Clermont 1"},"content":{"rendered":"<p><b>REPORTAGE\u00a0 :<\/b><b> \u00ab TOUS A CLERMONT 1 \u00bb<\/b><\/p>\n<p>http:\/\/www.dailymotion.com\/video\/xc494l_tous-a-clermont-1-atelier-des-lapin_news<\/p>\n<p><i>par <\/i><a href=\"http:\/\/www.dailymotion.com\/lapins-bleus-formation\"><i>lapins-bleus-formation<\/i><\/a><\/p>\n<p><b>DESCRIPTION : <\/b><b>Avec ce premier reportage sur l&rsquo;actu du festival de Clermont-Ferrand l&rsquo;Atelier des lapins bleus vous emm\u00e8ne \u00e0 une s\u00e9ance de speed-meeting entre auteurs et producteurs organis\u00e9e par Kinorezo et vous fait ensuite d\u00e9couvrir l&rsquo;exposition \u00ab Les morts-vivants font leur cin\u00e9ma \u00bb.<\/b><\/p>\n","protected":false},"excerpt":{"rendered":"<p>REPORTAGE\u00a0 : \u00ab TOUS A CLERMONT 1 \u00bb http:\/\/www.dailymotion.com\/video\/xc494l_tous-a-clermont-1-atelier-des-lapin_news par lapins-bleus-formation DESCRIPTION : Avec ce premier reportage sur l&rsquo;actu du festival de Clermont-Ferrand l&rsquo;Atelier des lapins bleus vous emm\u00e8ne \u00e0 une s\u00e9ance de speed-meeting entre auteurs et producteurs organis\u00e9e par Kinorezo et vous fait ensuite d\u00e9couvrir l&rsquo;exposition \u00ab Les morts-vivants&#8230;<\/p>\n<p><a class='more-link' href='https:\/\/atelier-filmfest.com\/archives\/archives-2\/2010-2\/lapinsbleu\/tous-a-clermont-1\/'><span class='screen-reader-text'>Tous \u00e0 Clermont 1<\/span><\/a><\/p>","protected":false},"author":3,"featured_media":0,"parent":364,"menu_order":1,"comment_status":"closed","ping_status":"closed","template":"","meta":[],"_links":{"self":[{"href":"https:\/\/atelier-filmfest.com\/archives\/wp-json\/wp\/v2\/pages\/381"}],"collection":[{"href":"https:\/\/atelier-filmfest.com\/archives\/wp-json\/wp\/v2\/pages"}],"about":[{"href":"https:\/\/atelier-filmfest.com\/archives\/wp-json\/wp\/v2\/types\/page"}],"author":[{"embeddable":true,"href":"https:\/\/atelier-filmfest.com\/archives\/wp-json\/wp\/v2\/users\/3"}],"replies":[{"embeddable":true,"href":"https:\/\/atelier-filmfest.com\/archives\/wp-json\/wp\/v2\/comments?post=381"}],"version-history":[{"count":1,"href":"https:\/\/atelier-filmfest.com\/archives\/wp-json\/wp\/v2\/pages\/381\/revisions"}],"predecessor-version":[{"id":6081,"href":"https:\/\/atelier-filmfest.com\/archives\/wp-json\/wp\/v2\/pages\/381\/revisions\/6081"}],"up":[{"embeddable":true,"href":"https:\/\/atelier-filmfest.com\/archives\/wp-json\/wp\/v2\/pages\/364"}],"wp:attachment":[{"href":"https:\/\/atelier-filmfest.com\/archives\/wp-json\/wp\/v2\/media?parent=381"}],"curies":[{"name":"wp","href":"https:\/\/api.w.org\/{rel}","templated":true}]}}