 
 {"id":3936,"date":"2015-02-27T16:56:36","date_gmt":"2015-02-27T15:56:36","guid":{"rendered":"http:\/\/atelier-filmfest.com\/?page_id=3936"},"modified":"2021-03-24T21:26:58","modified_gmt":"2021-03-24T20:26:58","slug":"axiom","status":"publish","type":"page","link":"https:\/\/atelier-filmfest.com\/archives\/axiom\/","title":{"rendered":"<!--:fr-->Axiom<!--:-->"},"content":{"rendered":"<p><!--:fr-->L&rsquo;Axiom, la cam\u00e9ra Open Source :<\/p>\n<p style=\"text-align: justify;\"><a href=\"http:\/\/atelier-filmfest.com\/wp-content\/uploads\/2015\/01\/Capture-d\u2019\u00e9cran-2015-01-28-\u00e0-13.34.19.png\"><img decoding=\"async\" loading=\"lazy\" class=\" size-medium wp-image-3798 aligncenter\" src=\"http:\/\/atelier-filmfest.com\/wp-content\/uploads\/2015\/01\/Capture-d\u2019\u00e9cran-2015-01-28-\u00e0-13.34.19-213x300.png\" alt=\"L'Axiom\" width=\"213\" height=\"300\" srcset=\"https:\/\/atelier-filmfest.com\/archives\/wp-content\/uploads\/2015\/01\/Capture-d\u2019\u00e9cran-2015-01-28-\u00e0-13.34.19-213x300.png 213w, https:\/\/atelier-filmfest.com\/archives\/wp-content\/uploads\/2015\/01\/Capture-d\u2019\u00e9cran-2015-01-28-\u00e0-13.34.19-248x350.png 248w, https:\/\/atelier-filmfest.com\/archives\/wp-content\/uploads\/2015\/01\/Capture-d\u2019\u00e9cran-2015-01-28-\u00e0-13.34.19.png 670w\" sizes=\"(max-width: 213px) 100vw, 213px\" \/><\/a><br \/>\nL&rsquo;Axiom est la premi\u00e8re cam\u00e9ra num\u00e9rique open source pour le cin\u00e9ma. Enti\u00e8rement modulable et \u00e9volutive, elle permet aux cin\u00e9astes et aux chefs op\u00e9rateurs de se r\u00e9approprier enti\u00e8rement leurs outils.<\/p>\n<p>Annick Rivoire, journaliste critique et sp\u00e9cialiste des nouveaux m\u00e9dias a r\u00e9dig\u00e9 un article sur l\u2019Axiom au Festival du court m\u00e9trage 2015 : pour le lire c\u2019est\u00a0<a href=\"http:\/\/www.makery.info\/2015\/02\/17\/axiom-la-camera-open-source-qui-veut-liberer-le-cinema\/\" target=\"_blank\" rel=\"noopener\">ici<\/a>\u00a0!<\/p>\n<p><!-- Rendered by FancyBox without labels BEGIN -->\n\n\t<style type=\"text\/css\">\n\t\t\t\t\t#gallery-0 {\n\t\t\t\t\t\tmargin: auto;\n\t\t\t\t\t}\n\t\t\t\t\t#gallery-0 .gallery-item {\n\t\t\t\t\t\tfloat: left;\n\t\t\t\t\t\tmargin-top: 10px;\n\t\t\t\t\t\ttext-align: center;\n\t\t\t\t\t\twidth: 32%;\n\t\t\t\t\t}\n\t\t\t\t\t#gallery-0 img {\n\t\t\t\t\t\tborder: 2px solid #cfcfcf;\n\t\t\t\t\t}\n\t\t\t\t\t#gallery-0 .gallery-caption {\n\t\t\t\t\t\tmargin-left: 0;\n\t\t\t\t\t}\n\t<\/style>\n<script type=\"text\/javascript\">\n$(document).ready(function() {\n\t\/*\n\t *  Simple image gallery. Uses default settings\n\t *\/\n\n\t$(\".fancybox\").fancybox({\n\t\t\"transitionIn\"\t\t: \"none\",\n\t\t\"transitionOut\"\t\t: \"none\",\n\t\t\"titlePosition\" \t: \"over\"\n\n\t});\n});\n<\/script>\n\n\t<div id=\"gallery-0\" class=\"gallery galleryid-0 gallery-size-thumbnail\" style=\"\"><dl class=\"gallery-item\"><dt class=\"gallery-icon\">\n\t\t<a class=\"fancybox\" href=\"https:\/\/atelier-filmfest.com\/archives\/wp-content\/uploads\/2015\/02\/DSC_9108\u00e9cole-darchitecture-4-2-151.jpg\" rel=\"gallery-0\"><img width=\"150\" height=\"150\" class=\"attachment-thumbnail\" alt=\"\" src=\"https:\/\/atelier-filmfest.com\/archives\/wp-content\/uploads\/2015\/02\/DSC_9108\u00e9cole-darchitecture-4-2-151-150x150.jpg\" \/><\/a><\/dt><\/dl>\n\n<dl class=\"gallery-item\"><dt class=\"gallery-icon\">\n\t\t<a class=\"fancybox\" href=\"https:\/\/atelier-filmfest.com\/archives\/wp-content\/uploads\/2015\/02\/DSC_0269-1024x682.jpeg\" rel=\"gallery-0\"><img width=\"150\" height=\"150\" class=\"attachment-thumbnail\" alt=\"\" src=\"https:\/\/atelier-filmfest.com\/archives\/wp-content\/uploads\/2015\/02\/DSC_0269-150x150.jpeg\" \/><\/a><\/dt><\/dl>\n\n<dl class=\"gallery-item\"><dt class=\"gallery-icon\">\n\t\t<a class=\"fancybox\" href=\"https:\/\/atelier-filmfest.com\/archives\/wp-content\/uploads\/2015\/02\/Axiom.jpg\" rel=\"gallery-0\"><img width=\"150\" height=\"150\" class=\"attachment-thumbnail\" alt=\"\" src=\"https:\/\/atelier-filmfest.com\/archives\/wp-content\/uploads\/2015\/02\/Axiom-150x150.jpg\" \/><\/a><\/dt><\/dl>\n\n<dl class=\"gallery-item\"><dt class=\"gallery-icon\">\n\t\t<a class=\"fancybox\" href=\"https:\/\/atelier-filmfest.com\/archives\/wp-content\/uploads\/2015\/02\/007.jpg\" rel=\"gallery-0\"><img width=\"150\" height=\"150\" class=\"attachment-thumbnail\" alt=\"\" src=\"https:\/\/atelier-filmfest.com\/archives\/wp-content\/uploads\/2015\/02\/007-150x150.jpg\" \/><\/a><\/dt><\/dl>\n\n<\/div><br clear=\"all\" \/><!-- Rendered by FancyBox without labels END -->\n<!--:--><\/p>\n","protected":false},"excerpt":{"rendered":"<p>L&rsquo;Axiom, la cam\u00e9ra Open Source : L&rsquo;Axiom est la premi\u00e8re cam\u00e9ra num\u00e9rique open source pour le cin\u00e9ma. Enti\u00e8rement modulable et \u00e9volutive, elle permet aux cin\u00e9astes et aux chefs op\u00e9rateurs de se r\u00e9approprier enti\u00e8rement leurs outils. Annick Rivoire, journaliste critique et sp\u00e9cialiste des nouveaux m\u00e9dias a r\u00e9dig\u00e9 un article sur l\u2019Axiom&#8230;<\/p>\n<p><a class='more-link' href='https:\/\/atelier-filmfest.com\/archives\/axiom\/'><span class='screen-reader-text'><!--:fr-->Axiom<!--:--><\/span><\/a><\/p>","protected":false},"author":6,"featured_media":0,"parent":0,"menu_order":1,"comment_status":"closed","ping_status":"closed","template":"","meta":[],"_links":{"self":[{"href":"https:\/\/atelier-filmfest.com\/archives\/wp-json\/wp\/v2\/pages\/3936"}],"collection":[{"href":"https:\/\/atelier-filmfest.com\/archives\/wp-json\/wp\/v2\/pages"}],"about":[{"href":"https:\/\/atelier-filmfest.com\/archives\/wp-json\/wp\/v2\/types\/page"}],"author":[{"embeddable":true,"href":"https:\/\/atelier-filmfest.com\/archives\/wp-json\/wp\/v2\/users\/6"}],"replies":[{"embeddable":true,"href":"https:\/\/atelier-filmfest.com\/archives\/wp-json\/wp\/v2\/comments?post=3936"}],"version-history":[{"count":1,"href":"https:\/\/atelier-filmfest.com\/archives\/wp-json\/wp\/v2\/pages\/3936\/revisions"}],"predecessor-version":[{"id":6136,"href":"https:\/\/atelier-filmfest.com\/archives\/wp-json\/wp\/v2\/pages\/3936\/revisions\/6136"}],"wp:attachment":[{"href":"https:\/\/atelier-filmfest.com\/archives\/wp-json\/wp\/v2\/media?parent=3936"}],"curies":[{"name":"wp","href":"https:\/\/api.w.org\/{rel}","templated":true}]}}