 
 {"id":401,"date":"2012-10-19T15:31:51","date_gmt":"2012-10-19T14:31:51","guid":{"rendered":"http:\/\/atelierclermontfilmfest.wordpress.com\/?page_id=401"},"modified":"2021-03-24T21:26:58","modified_gmt":"2021-03-24T20:26:58","slug":"la-rivalite","status":"publish","type":"page","link":"https:\/\/atelier-filmfest.com\/archives\/archives-2\/2010-2\/lapinsbleu\/la-rivalite\/","title":{"rendered":"La rivalit\u00e9"},"content":{"rendered":"<table border=\"1\">\n<tbody>\n<tr>\n<td><b>\u00ab LA RIVALIT\u00c9 \u00bb<\/b><\/p>\n<p>http:\/\/www.dailymotion.com\/video\/xc3qg9_test-2-la-rivalite-atelier-lapins-b_news<\/p>\n<p><i>par <\/i><a href=\"http:\/\/www.dailymotion.com\/lapins-bleus-formation\"><i>lapins-bleus-formation<\/i><\/a><\/p>\n<p><b>OBJECTIFS\u00a0: <\/b><b>tournage et montage\u2028DESCRIPTION : <\/b>Tourn\u00e9 avec le le reflex vid\u00e9o LUMIX GH1 avec dans les oreilles des morceaux musicaux s\u00e9lectionn\u00e9s sur le th\u00e8me de la rivalit\u00e9.<\/td>\n<\/tr>\n<\/tbody>\n<\/table>\n<p>&nbsp;<\/p>\n","protected":false},"excerpt":{"rendered":"<p>\u00ab LA RIVALIT\u00c9 \u00bb http:\/\/www.dailymotion.com\/video\/xc3qg9_test-2-la-rivalite-atelier-lapins-b_news par lapins-bleus-formation OBJECTIFS\u00a0: tournage et montage\u2028DESCRIPTION : Tourn\u00e9 avec le le reflex vid\u00e9o LUMIX GH1 avec dans les oreilles des morceaux musicaux s\u00e9lectionn\u00e9s sur le th\u00e8me de la rivalit\u00e9. &nbsp;<\/p>\n<p><a class='more-link' href='https:\/\/atelier-filmfest.com\/archives\/archives-2\/2010-2\/lapinsbleu\/la-rivalite\/'><span class='screen-reader-text'>La rivalit\u00e9<\/span><\/a><\/p>","protected":false},"author":3,"featured_media":0,"parent":364,"menu_order":7,"comment_status":"closed","ping_status":"closed","template":"","meta":[],"_links":{"self":[{"href":"https:\/\/atelier-filmfest.com\/archives\/wp-json\/wp\/v2\/pages\/401"}],"collection":[{"href":"https:\/\/atelier-filmfest.com\/archives\/wp-json\/wp\/v2\/pages"}],"about":[{"href":"https:\/\/atelier-filmfest.com\/archives\/wp-json\/wp\/v2\/types\/page"}],"author":[{"embeddable":true,"href":"https:\/\/atelier-filmfest.com\/archives\/wp-json\/wp\/v2\/users\/3"}],"replies":[{"embeddable":true,"href":"https:\/\/atelier-filmfest.com\/archives\/wp-json\/wp\/v2\/comments?post=401"}],"version-history":[{"count":1,"href":"https:\/\/atelier-filmfest.com\/archives\/wp-json\/wp\/v2\/pages\/401\/revisions"}],"predecessor-version":[{"id":6087,"href":"https:\/\/atelier-filmfest.com\/archives\/wp-json\/wp\/v2\/pages\/401\/revisions\/6087"}],"up":[{"embeddable":true,"href":"https:\/\/atelier-filmfest.com\/archives\/wp-json\/wp\/v2\/pages\/364"}],"wp:attachment":[{"href":"https:\/\/atelier-filmfest.com\/archives\/wp-json\/wp\/v2\/media?parent=401"}],"curies":[{"name":"wp","href":"https:\/\/api.w.org\/{rel}","templated":true}]}}