 
 {"id":4039,"date":"2015-12-09T16:20:04","date_gmt":"2015-12-09T15:20:04","guid":{"rendered":"http:\/\/atelier-filmfest.com\/?page_id=4039"},"modified":"2021-03-24T21:26:58","modified_gmt":"2021-03-24T20:26:58","slug":"courant-3d","status":"publish","type":"page","link":"https:\/\/atelier-filmfest.com\/archives\/courant-3d\/","title":{"rendered":"Courant 3D"},"content":{"rendered":"<p><span style=\"color: #ffffff;\"><img decoding=\"async\" loading=\"lazy\" class=\"aligncenter size-full wp-image-4489\" src=\"http:\/\/atelier-filmfest.com\/wp-content\/uploads\/2015\/12\/la_tentation__de_saint-antoine_de_jerome_bosch_en_360.jpg\" alt=\"la_tentation__de_saint-antoine_de_jerome_bosch_en_360\" width=\"869\" height=\"868\" srcset=\"https:\/\/atelier-filmfest.com\/archives\/wp-content\/uploads\/2015\/12\/la_tentation__de_saint-antoine_de_jerome_bosch_en_360.jpg 869w, https:\/\/atelier-filmfest.com\/archives\/wp-content\/uploads\/2015\/12\/la_tentation__de_saint-antoine_de_jerome_bosch_en_360-150x150.jpg 150w, https:\/\/atelier-filmfest.com\/archives\/wp-content\/uploads\/2015\/12\/la_tentation__de_saint-antoine_de_jerome_bosch_en_360-300x300.jpg 300w, https:\/\/atelier-filmfest.com\/archives\/wp-content\/uploads\/2015\/12\/la_tentation__de_saint-antoine_de_jerome_bosch_en_360-768x767.jpg 768w, https:\/\/atelier-filmfest.com\/archives\/wp-content\/uploads\/2015\/12\/la_tentation__de_saint-antoine_de_jerome_bosch_en_360-350x350.jpg 350w\" sizes=\"(max-width: 869px) 100vw, 869px\" \/><\/span><\/p>\n<div class=\"\">\n<h4 style=\"text-align: center;\"><span style=\"color: #ffffff;\">\u00a0.<\/span><\/h4>\n<h4 style=\"text-align: center;\"><strong>Le K.Dick \u00e0 l&rsquo;Atelier<\/strong><\/h4>\n<div class=\"\" style=\"text-align: left;\">\n<p>Un lieu d\u00e9di\u00e9 aux exp\u00e9riences de\u00a0la r\u00e9alit\u00e9 virtuelle et de la r\u00e9alit\u00e9 augment\u00e9e, et aux nouvelles technologies\u00a0du film immersif et interactif. Un\u00a0espace de m\u00e9diation num\u00e9rique, une \u00ab\u00a0Uni-VR-Cit\u00e9 \u00bb accessible \u00e0 tous.\u00a0Soucieux de proposer le\u00a0meilleur de la cr\u00e9ation en 3D et \u00e0 360\u00b0, le Festival Courant3D d\u2019Angoul\u00eame s\u2019associe au festival pour\u00a0offrir cet espace de d\u00e9couverte et de r\u00e9flexion.<\/p>\n<\/div>\n<\/div>\n<div class=\"\">\n<div class=\"\" style=\"text-align: left;\">\n<ul>\n<li>de 14h \u00e0 18h les mardi, mercredi, jeudi et vendredi<\/li>\n<li>de 10h \u00e0 12h les mercredi, jeudi et vendredi pour les professionnels sur r\u00e9servation (<a href=\"mailto:reservation.courant3d@gmail.com\">reservation.courant3d@gmail.com<\/a>).<\/li>\n<\/ul>\n<p><img decoding=\"async\" loading=\"lazy\" class=\"aligncenter size-full wp-image-4486\" src=\"http:\/\/atelier-filmfest.com\/wp-content\/uploads\/2015\/12\/img_7910-version-2.jpg\" alt=\"img_7910-version-2\" width=\"1933\" height=\"1383\" srcset=\"https:\/\/atelier-filmfest.com\/archives\/wp-content\/uploads\/2015\/12\/img_7910-version-2.jpg 1200w, https:\/\/atelier-filmfest.com\/archives\/wp-content\/uploads\/2015\/12\/img_7910-version-2-300x215.jpg 300w, https:\/\/atelier-filmfest.com\/archives\/wp-content\/uploads\/2015\/12\/img_7910-version-2-768x549.jpg 768w, https:\/\/atelier-filmfest.com\/archives\/wp-content\/uploads\/2015\/12\/img_7910-version-2-1024x733.jpg 1024w, https:\/\/atelier-filmfest.com\/archives\/wp-content\/uploads\/2015\/12\/img_7910-version-2-489x350.jpg 489w\" sizes=\"(max-width: 1933px) 100vw, 1933px\" \/><\/p>\n<p>Parmi les films en 3D 360 VR pr\u00e9sent\u00e9s, un focus sera donn\u00e9 \u00e0 <em>La tentation de Saint Antoine\u00a0de J\u00e9r\u00f4me Bosch<\/em> (6&rsquo;30\u2019\u2019) r\u00e9alis\u00e9 par Carlos Franklin, \u00e9crit par Thomas Cheysson, produit par Les Poissons Volants, en coproduction avec ARTE, la Rmn-Grand Palais et R\u00e9seau Canop\u00e9.<\/p>\n<p>Luxure, Gourmandise, H\u00e9r\u00e9sie\u2026 saurez-vous r\u00e9sister aux tentations du Diable ? Ce court-m\u00e9trage explore la folie cr\u00e9atrice de J\u00e9r\u00f4me Bosch. Son triptyque se transforme en un espace virtuel anim\u00e9 qui nous fait vivre une exp\u00e9rience totalement in\u00e9dite de plong\u00e9e dans une des \u0153uvres majeures de ce g\u00e9nie du Moyen-\u00c2ge.<\/p>\n<\/div>\n<div class=\"\" style=\"text-align: left;\"><span style=\"color: #ffffff;\">\u00a0.<\/span><\/div>\n<div class=\"\" style=\"text-align: left;\"><\/div>\n<div class=\"\" style=\"text-align: left;\"><a href=\"http:\/\/www.courant3d-filmfest.com\" target=\"_blank\" rel=\"noopener\">Site Internet de Courant 3D<\/a><\/div>\n<div class=\"\" style=\"text-align: left;\"><span style=\"color: #ffffff;\">\u00a0.<\/span><\/div>\n<\/div>\n<div class=\"\" style=\"text-align: left;\"><\/div>\n<div class=\"\" style=\"text-align: left;\"><img decoding=\"async\" loading=\"lazy\" class=\"aligncenter size-full wp-image-4493\" src=\"http:\/\/atelier-filmfest.com\/wp-content\/uploads\/2015\/12\/image001-2.jpg\" alt=\"image001\" width=\"627\" height=\"169\" srcset=\"https:\/\/atelier-filmfest.com\/archives\/wp-content\/uploads\/2015\/12\/image001-2.jpg 627w, https:\/\/atelier-filmfest.com\/archives\/wp-content\/uploads\/2015\/12\/image001-2-300x81.jpg 300w\" sizes=\"(max-width: 627px) 100vw, 627px\" \/><\/div>\n<div class=\"\" style=\"text-align: left;\"><\/div>\n<div class=\"\" style=\"text-align: left;\"><img decoding=\"async\" loading=\"lazy\" class=\"aligncenter size-full wp-image-4492\" src=\"http:\/\/atelier-filmfest.com\/wp-content\/uploads\/2015\/12\/la-tentation-de-saint-antoine-de-jerome-bosch_vr_visuel-arte.png\" alt=\"la-tentation-de-saint-antoine-de-jerome-bosch_vr_visuel-arte\" width=\"2000\" height=\"2000\" srcset=\"https:\/\/atelier-filmfest.com\/archives\/wp-content\/uploads\/2015\/12\/la-tentation-de-saint-antoine-de-jerome-bosch_vr_visuel-arte.png 1024w, https:\/\/atelier-filmfest.com\/archives\/wp-content\/uploads\/2015\/12\/la-tentation-de-saint-antoine-de-jerome-bosch_vr_visuel-arte-150x150.png 150w, https:\/\/atelier-filmfest.com\/archives\/wp-content\/uploads\/2015\/12\/la-tentation-de-saint-antoine-de-jerome-bosch_vr_visuel-arte-300x300.png 300w, https:\/\/atelier-filmfest.com\/archives\/wp-content\/uploads\/2015\/12\/la-tentation-de-saint-antoine-de-jerome-bosch_vr_visuel-arte-768x768.png 768w, https:\/\/atelier-filmfest.com\/archives\/wp-content\/uploads\/2015\/12\/la-tentation-de-saint-antoine-de-jerome-bosch_vr_visuel-arte-350x350.png 350w\" sizes=\"(max-width: 2000px) 100vw, 2000px\" \/><\/div>\n<div class=\"\" style=\"text-align: left;\"><\/div>\n<div class=\"\" style=\"text-align: left;\">\u00a0<img decoding=\"async\" loading=\"lazy\" class=\"wp-image-4487 alignleft\" src=\"http:\/\/atelier-filmfest.com\/wp-content\/uploads\/2015\/12\/logo-2016-relief-interactivite.png\" alt=\"logo-2016-relief-interactivite\" width=\"263\" height=\"178\" srcset=\"https:\/\/atelier-filmfest.com\/archives\/wp-content\/uploads\/2015\/12\/logo-2016-relief-interactivite.png 1200w, https:\/\/atelier-filmfest.com\/archives\/wp-content\/uploads\/2015\/12\/logo-2016-relief-interactivite-300x203.png 300w, https:\/\/atelier-filmfest.com\/archives\/wp-content\/uploads\/2015\/12\/logo-2016-relief-interactivite-768x519.png 768w, https:\/\/atelier-filmfest.com\/archives\/wp-content\/uploads\/2015\/12\/logo-2016-relief-interactivite-1024x692.png 1024w, https:\/\/atelier-filmfest.com\/archives\/wp-content\/uploads\/2015\/12\/logo-2016-relief-interactivite-518x350.png 518w\" sizes=\"(max-width: 263px) 100vw, 263px\" \/><\/div>\n<div class=\"\" style=\"text-align: left;\"><img decoding=\"async\" loading=\"lazy\" class=\"wp-image-4488 alignright\" src=\"http:\/\/atelier-filmfest.com\/wp-content\/uploads\/2015\/12\/arte_logo.jpg\" alt=\"ARTE-logo-JM.ai\" width=\"245\" height=\"115\" srcset=\"https:\/\/atelier-filmfest.com\/archives\/wp-content\/uploads\/2015\/12\/arte_logo.jpg 1200w, https:\/\/atelier-filmfest.com\/archives\/wp-content\/uploads\/2015\/12\/arte_logo-300x141.jpg 300w, https:\/\/atelier-filmfest.com\/archives\/wp-content\/uploads\/2015\/12\/arte_logo-768x361.jpg 768w, https:\/\/atelier-filmfest.com\/archives\/wp-content\/uploads\/2015\/12\/arte_logo-1024x482.jpg 1024w, https:\/\/atelier-filmfest.com\/archives\/wp-content\/uploads\/2015\/12\/arte_logo-700x329.jpg 700w\" sizes=\"(max-width: 245px) 100vw, 245px\" \/><\/div>\n<div class=\"\" style=\"text-align: left;\"><\/div>\n<p>&nbsp;<\/p>\n<p>&nbsp;<\/p>\n<p>&nbsp;<\/p>\n<p><span style=\"color: #ffffff;\">.<\/span><\/p>\n","protected":false},"excerpt":{"rendered":"<p>\u00a0. Le K.Dick \u00e0 l&rsquo;Atelier Un lieu d\u00e9di\u00e9 aux exp\u00e9riences de\u00a0la r\u00e9alit\u00e9 virtuelle et de la r\u00e9alit\u00e9 augment\u00e9e, et aux nouvelles technologies\u00a0du film immersif et interactif. Un\u00a0espace de m\u00e9diation num\u00e9rique, une \u00ab\u00a0Uni-VR-Cit\u00e9 \u00bb accessible \u00e0 tous.\u00a0Soucieux de proposer le\u00a0meilleur de la cr\u00e9ation en 3D et \u00e0 360\u00b0, le Festival Courant3D&#8230;<\/p>\n<p><a class='more-link' href='https:\/\/atelier-filmfest.com\/archives\/courant-3d\/'><span class='screen-reader-text'>Courant 3D<\/span><\/a><\/p>","protected":false},"author":6,"featured_media":0,"parent":0,"menu_order":0,"comment_status":"closed","ping_status":"open","template":"","meta":[],"_links":{"self":[{"href":"https:\/\/atelier-filmfest.com\/archives\/wp-json\/wp\/v2\/pages\/4039"}],"collection":[{"href":"https:\/\/atelier-filmfest.com\/archives\/wp-json\/wp\/v2\/pages"}],"about":[{"href":"https:\/\/atelier-filmfest.com\/archives\/wp-json\/wp\/v2\/types\/page"}],"author":[{"embeddable":true,"href":"https:\/\/atelier-filmfest.com\/archives\/wp-json\/wp\/v2\/users\/6"}],"replies":[{"embeddable":true,"href":"https:\/\/atelier-filmfest.com\/archives\/wp-json\/wp\/v2\/comments?post=4039"}],"version-history":[{"count":1,"href":"https:\/\/atelier-filmfest.com\/archives\/wp-json\/wp\/v2\/pages\/4039\/revisions"}],"predecessor-version":[{"id":6110,"href":"https:\/\/atelier-filmfest.com\/archives\/wp-json\/wp\/v2\/pages\/4039\/revisions\/6110"}],"wp:attachment":[{"href":"https:\/\/atelier-filmfest.com\/archives\/wp-json\/wp\/v2\/media?parent=4039"}],"curies":[{"name":"wp","href":"https:\/\/api.w.org\/{rel}","templated":true}]}}