 
 {"id":4155,"date":"2016-01-25T14:18:32","date_gmt":"2016-01-25T13:18:32","guid":{"rendered":"http:\/\/atelier-filmfest.com\/?page_id=4155"},"modified":"2021-03-24T21:26:58","modified_gmt":"2021-03-24T20:26:58","slug":"studio-coiffure-lycee-marie-curie","status":"publish","type":"page","link":"https:\/\/atelier-filmfest.com\/archives\/studio-coiffure-lycee-marie-curie\/","title":{"rendered":"Studio Coiffure Lyc\u00e9e Marie Curie"},"content":{"rendered":"<p><a href=\"http:\/\/atelier-filmfest.com\/wp-content\/uploads\/2016\/01\/lycee-marie-curie-image-page-web.jpg\" target=\"_blank\" rel=\"noopener noreferrer\"><img decoding=\"async\" loading=\"lazy\" class=\"aligncenter wp-image-4158 size-large\" src=\"http:\/\/atelier-filmfest.com\/wp-content\/uploads\/2016\/01\/lycee-marie-curie-image-page-web-1024x460.jpg\" alt=\"LYC\u00c9E MARIE CURIE - Image Page Web\" width=\"930\" height=\"418\" srcset=\"https:\/\/atelier-filmfest.com\/archives\/wp-content\/uploads\/2016\/01\/lycee-marie-curie-image-page-web-1024x460.jpg 1024w, https:\/\/atelier-filmfest.com\/archives\/wp-content\/uploads\/2016\/01\/lycee-marie-curie-image-page-web-300x135.jpg 300w, https:\/\/atelier-filmfest.com\/archives\/wp-content\/uploads\/2016\/01\/lycee-marie-curie-image-page-web-700x314.jpg 700w, https:\/\/atelier-filmfest.com\/archives\/wp-content\/uploads\/2016\/01\/lycee-marie-curie-image-page-web.jpg 1200w\" sizes=\"(max-width: 930px) 100vw, 930px\" \/><\/a><\/p>\n<p>Le lyc\u00e9e Marie Curie, lyc\u00e9e des m\u00e9tiers est un \u00e9tablissement clermontois qui offre un certain nombre de parcours, ax\u00e9s sur les services \u00e0 la personne et aux collectivit\u00e9s. Les formations propos\u00e9es par l\u2019\u00e9tablissement se d\u00e9clinent ainsi en trois principales sections\u00a0:<\/p>\n<ul>\n<li>la fili\u00e8re ASSP qui forme les futurs soignants et soignantes,<\/li>\n<li>la fili\u00e8re HPS (Hygi\u00e8ne, Propret\u00e9 et St\u00e9rilisation),<\/li>\n<li>la fili\u00e8re esth\u00e9tique, cosm\u00e9tique et parfumerie qui se d\u00e9ploie du CAP au BTS,<\/li>\n<li>une section coiffure qui forme des professionnels de la coiffure.<\/li>\n<\/ul>\n<p>Ces champs de comp\u00e9tences sp\u00e9cialis\u00e9es, remarquables et reconnues assurent \u00e0 l\u2019\u00e9tablissement un rayonnement r\u00e9gional.<\/p>\n<p>Les dipl\u00f4mes dispens\u00e9s par le lyc\u00e9e Marie Curie, et notamment ceux concernant la coiffure garantissent \u00e0 nos \u00e9l\u00e8ves des savoir-faire efficients et une bonne insertion professionnelle. Enfin, ils assurent \u00e0 la future client\u00e8le de nos \u00e9l\u00e8ves l\u2019assurance de prestations de qualit\u00e9, \u00e0 la hauteur de leurs exigences<\/p>\n<p><a href=\"http:\/\/atelier-filmfest.com\/wp-content\/uploads\/2016\/01\/logo-lycee-marie-curie.jpg\"><br \/>\n<\/a><a href=\"http:\/\/atelier-filmfest.com\/wp-content\/uploads\/2016\/01\/image-studio-coiffure-lycee-marie-curie-a4.jpg\"><img decoding=\"async\" loading=\"lazy\" class=\"aligncenter size-full wp-image-4156\" src=\"http:\/\/atelier-filmfest.com\/wp-content\/uploads\/2016\/01\/image-studio-coiffure-lycee-marie-curie-a4.jpg\" alt=\"Image Studio Coiffure - Lyc\u00e9e Marie Curie (A4)\" width=\"3508\" height=\"2480\" srcset=\"https:\/\/atelier-filmfest.com\/archives\/wp-content\/uploads\/2016\/01\/image-studio-coiffure-lycee-marie-curie-a4.jpg 1200w, https:\/\/atelier-filmfest.com\/archives\/wp-content\/uploads\/2016\/01\/image-studio-coiffure-lycee-marie-curie-a4-300x212.jpg 300w, https:\/\/atelier-filmfest.com\/archives\/wp-content\/uploads\/2016\/01\/image-studio-coiffure-lycee-marie-curie-a4-1024x724.jpg 1024w, https:\/\/atelier-filmfest.com\/archives\/wp-content\/uploads\/2016\/01\/image-studio-coiffure-lycee-marie-curie-a4-495x350.jpg 495w\" sizes=\"(max-width: 3508px) 100vw, 3508px\" \/><\/a><\/p>\n<p>L\u2019intervention de la section coiffure du lyc\u00e9e Marie Curie lors de l\u2019Atelier s\u2019inscrit dans la dynamique culturelle de l\u2019\u00e9tablissement dont les \u00e9l\u00e8ves coiffeurs et coiffeuses sont souvent sollicit\u00e9s pour des prestations \u00e9v\u00e8nementielles.<\/p>\n<p>La coiffure artistique comme le maquillage artistique font partie de ces m\u00e9tiers du cin\u00e9ma,\u00a0m\u00e9connus du grand public. En effet coiffeurs et maquilleurs m\u00e9tamorphosent l\u2019acteur pour litt\u00e9ralement le faire entrer dans la peau du personnage, changement qui doit paradoxalement se rendre invisible. Leur r\u00f4le est fondamental pour la photog\u00e9nie, \u00e0 laquelle les com\u00e9diens tiennent tant, et pour la cr\u00e9dibilit\u00e9 de l\u2019histoire : le visage est avant tout un passeur d\u2019\u00e9motions.<\/p>\n<p>Une part de leur travail est de cr\u00e9er des visages signifiants, dont ils assurent la continuit\u00e9 physique pendant le tournage.<\/p>\n<p>&nbsp;<\/p>\n<ul>\n<li>En savoir plus :\u00a0<u style=\"font-size: 1em;\"><strong><a href=\"http:\/\/www.lycee-mariecurie.fr\" target=\"_blank\" rel=\"noopener noreferrer\">Site internet du Lyc\u00e9e Marie Curie<\/a><\/strong><\/u><\/li>\n<\/ul>\n<p>&nbsp;<\/p>\n<p><u><a href=\"http:\/\/www.lycee-mariecurie.fr\" target=\"_blank\" rel=\"noopener noreferrer\"><img decoding=\"async\" loading=\"lazy\" class=\"aligncenter wp-image-4523\" src=\"http:\/\/atelier-filmfest.com\/wp-content\/uploads\/2016\/01\/logo-lycee-marie-curie-1.jpg\" alt=\"logo-lycee-marie-curie\" width=\"295\" height=\"295\" srcset=\"https:\/\/atelier-filmfest.com\/archives\/wp-content\/uploads\/2016\/01\/logo-lycee-marie-curie-1.jpg 1024w, https:\/\/atelier-filmfest.com\/archives\/wp-content\/uploads\/2016\/01\/logo-lycee-marie-curie-1-150x150.jpg 150w, https:\/\/atelier-filmfest.com\/archives\/wp-content\/uploads\/2016\/01\/logo-lycee-marie-curie-1-300x300.jpg 300w, https:\/\/atelier-filmfest.com\/archives\/wp-content\/uploads\/2016\/01\/logo-lycee-marie-curie-1-768x768.jpg 768w, https:\/\/atelier-filmfest.com\/archives\/wp-content\/uploads\/2016\/01\/logo-lycee-marie-curie-1-350x350.jpg 350w\" sizes=\"(max-width: 295px) 100vw, 295px\" \/><\/a><\/u><\/p>\n<hr \/>\n<p><strong>Photos de l&rsquo;Atelier tournage de l&rsquo;\u00e9dition 2019<\/strong><\/p>\n<!-- Rendered by FancyBox without labels BEGIN -->\n\n\t<style type=\"text\/css\">\n\t\t\t\t\t#gallery-0 {\n\t\t\t\t\t\tmargin: auto;\n\t\t\t\t\t}\n\t\t\t\t\t#gallery-0 .gallery-item {\n\t\t\t\t\t\tfloat: left;\n\t\t\t\t\t\tmargin-top: 10px;\n\t\t\t\t\t\ttext-align: center;\n\t\t\t\t\t\twidth: 32%;\n\t\t\t\t\t}\n\t\t\t\t\t#gallery-0 img {\n\t\t\t\t\t\tborder: 2px solid #cfcfcf;\n\t\t\t\t\t}\n\t\t\t\t\t#gallery-0 .gallery-caption {\n\t\t\t\t\t\tmargin-left: 0;\n\t\t\t\t\t}\n\t<\/style>\n<script type=\"text\/javascript\">\n$(document).ready(function() {\n\t\/*\n\t *  Simple image gallery. Uses default settings\n\t *\/\n\n\t$(\".fancybox\").fancybox({\n\t\t\"transitionIn\"\t\t: \"none\",\n\t\t\"transitionOut\"\t\t: \"none\",\n\t\t\"titlePosition\" \t: \"over\"\n\n\t});\n});\n<\/script>\n\n\t<div id=\"gallery-0\" class=\"gallery galleryid-0 gallery-size-thumbnail\" style=\"\"><dl class=\"gallery-item\"><dt class=\"gallery-icon\">\n\t\t<a class=\"fancybox\" href=\"https:\/\/atelier-filmfest.com\/archives\/wp-content\/uploads\/2019\/11\/3N6A9158-1024x683.jpg\" rel=\"gallery-0\"><img width=\"150\" height=\"150\" class=\"attachment-thumbnail\" alt=\"\" src=\"https:\/\/atelier-filmfest.com\/archives\/wp-content\/uploads\/2019\/11\/3N6A9158-150x150.jpg\" \/><\/a><\/dt><\/dl>\n\n<dl class=\"gallery-item\"><dt class=\"gallery-icon\">\n\t\t<a class=\"fancybox\" href=\"https:\/\/atelier-filmfest.com\/archives\/wp-content\/uploads\/2019\/11\/3N6A9160-1024x683.jpg\" rel=\"gallery-0\"><img width=\"150\" height=\"150\" class=\"attachment-thumbnail\" alt=\"\" src=\"https:\/\/atelier-filmfest.com\/archives\/wp-content\/uploads\/2019\/11\/3N6A9160-150x150.jpg\" \/><\/a><\/dt><\/dl>\n\n<dl class=\"gallery-item\"><dt class=\"gallery-icon\">\n\t\t<a class=\"fancybox\" href=\"https:\/\/atelier-filmfest.com\/archives\/wp-content\/uploads\/2019\/11\/3N6A9164-1024x683.jpg\" rel=\"gallery-0\"><img width=\"150\" height=\"150\" class=\"attachment-thumbnail\" alt=\"\" src=\"https:\/\/atelier-filmfest.com\/archives\/wp-content\/uploads\/2019\/11\/3N6A9164-150x150.jpg\" \/><\/a><\/dt><\/dl>\n\n<\/div><br clear=\"all\" \/><!-- Rendered by FancyBox without labels END -->\n\n","protected":false},"excerpt":{"rendered":"<p>Le lyc\u00e9e Marie Curie, lyc\u00e9e des m\u00e9tiers est un \u00e9tablissement clermontois qui offre un certain nombre de parcours, ax\u00e9s sur les services \u00e0 la personne et aux collectivit\u00e9s. Les formations propos\u00e9es par l\u2019\u00e9tablissement se d\u00e9clinent ainsi en trois principales sections\u00a0: la fili\u00e8re ASSP qui forme les futurs soignants et soignantes,&#8230;<\/p>\n<p><a class='more-link' href='https:\/\/atelier-filmfest.com\/archives\/studio-coiffure-lycee-marie-curie\/'><span class='screen-reader-text'>Studio Coiffure Lyc\u00e9e Marie Curie<\/span><\/a><\/p>","protected":false},"author":6,"featured_media":0,"parent":0,"menu_order":0,"comment_status":"closed","ping_status":"open","template":"","meta":[],"_links":{"self":[{"href":"https:\/\/atelier-filmfest.com\/archives\/wp-json\/wp\/v2\/pages\/4155"}],"collection":[{"href":"https:\/\/atelier-filmfest.com\/archives\/wp-json\/wp\/v2\/pages"}],"about":[{"href":"https:\/\/atelier-filmfest.com\/archives\/wp-json\/wp\/v2\/types\/page"}],"author":[{"embeddable":true,"href":"https:\/\/atelier-filmfest.com\/archives\/wp-json\/wp\/v2\/users\/6"}],"replies":[{"embeddable":true,"href":"https:\/\/atelier-filmfest.com\/archives\/wp-json\/wp\/v2\/comments?post=4155"}],"version-history":[{"count":1,"href":"https:\/\/atelier-filmfest.com\/archives\/wp-json\/wp\/v2\/pages\/4155\/revisions"}],"predecessor-version":[{"id":6133,"href":"https:\/\/atelier-filmfest.com\/archives\/wp-json\/wp\/v2\/pages\/4155\/revisions\/6133"}],"wp:attachment":[{"href":"https:\/\/atelier-filmfest.com\/archives\/wp-json\/wp\/v2\/media?parent=4155"}],"curies":[{"name":"wp","href":"https:\/\/api.w.org\/{rel}","templated":true}]}}