 
 {"id":4879,"date":"2017-10-30T11:37:34","date_gmt":"2017-10-30T10:37:34","guid":{"rendered":"http:\/\/atelier-filmfest.com\/?page_id=4879"},"modified":"2021-03-24T21:26:58","modified_gmt":"2021-03-24T20:26:58","slug":"welcome","status":"publish","type":"page","link":"https:\/\/atelier-filmfest.com\/archives\/welcome\/","title":{"rendered":"Welcome"},"content":{"rendered":"<div>\n<h2 class=\"rounded\">VIVEZ LA FABRICATION D\u2019UN FILM<\/h2>\n<div class=\"textwidget\">REGARDEZ, \u00c9COUTEZ, \u00c9CHANGEZ, PRATIQUEZ !<\/div>\n<\/div>\n<div>\n<div class=\"textwidget\">\n<div class=\"colonnes\">\n<p class=\"colonne\">Sauve qui peut le court m\u00e9trage et l\u2019\u00c9cole Nationale Sup\u00e9rieure d\u2019Architecture de Clermont-Ferrand coordonnent l&rsquo;organisation de la mise en place de l&rsquo;\u00e9cole \u00e9ph\u00e9m\u00e8re de cin\u00e9ma : l&rsquo;Atelier. L\u2019Atelier est le volet p\u00e9dagogique-cr\u00e9atif du festival international du court m\u00e9trage de Clermont-Ferrand. V\u00e9ritable espace collaboratif en ligne durant 5 jours, il vous propose de venir d\u00e9couvrir les rouages de la fabrique des films, depuis la phase d\u2019\u00e9criture jusqu\u2019\u00e0 la post-production.<\/p>\n<\/div>\n<div class=\"colonnes\">\n<p class=\"colonne2\"><i>The workshop, which is run by Sauve Qui Peut Le Court M\u00e9trage and the \u00c9cole Sup\u00e9rieure d&rsquo;Architecture in Clermont-Ferrand, brings together film schools, design studios and schools specializing in sound and moving image careers. The Atelier is a forum for sharing knowledge and experience, enabling students from different schools to present their creations and skills to visitors, especially schoolchildren. The focus will be on sharing and discovery.<br \/>\nThe Atelier unveils step by step the secrets of filmmaking. It invites visitors to come and see, learn, listen, ask questions and then try for themselves.<\/i><\/p>\n<\/div>\n<div class=\"colonnes\">\n<p><strong>[display-posts tag=\u00a0\u00bbadvanced\u00a0\u00bb posts_per_page=\u00a0\u00bb15&Prime;]<\/strong><\/p>\n<\/div>\n<\/div>\n<\/div>\n","protected":false},"excerpt":{"rendered":"<p>VIVEZ LA FABRICATION D\u2019UN FILM REGARDEZ, \u00c9COUTEZ, \u00c9CHANGEZ, PRATIQUEZ ! Sauve qui peut le court m\u00e9trage et l\u2019\u00c9cole Nationale Sup\u00e9rieure d\u2019Architecture de Clermont-Ferrand coordonnent l&rsquo;organisation de la mise en place de l&rsquo;\u00e9cole \u00e9ph\u00e9m\u00e8re de cin\u00e9ma : l&rsquo;Atelier. L\u2019Atelier est le volet p\u00e9dagogique-cr\u00e9atif du festival international du court m\u00e9trage de Clermont-Ferrand.&#8230;<\/p>\n<p><a class='more-link' href='https:\/\/atelier-filmfest.com\/archives\/welcome\/'><span class='screen-reader-text'>Welcome<\/span><\/a><\/p>","protected":false},"author":6,"featured_media":0,"parent":0,"menu_order":0,"comment_status":"closed","ping_status":"closed","template":"","meta":[],"_links":{"self":[{"href":"https:\/\/atelier-filmfest.com\/archives\/wp-json\/wp\/v2\/pages\/4879"}],"collection":[{"href":"https:\/\/atelier-filmfest.com\/archives\/wp-json\/wp\/v2\/pages"}],"about":[{"href":"https:\/\/atelier-filmfest.com\/archives\/wp-json\/wp\/v2\/types\/page"}],"author":[{"embeddable":true,"href":"https:\/\/atelier-filmfest.com\/archives\/wp-json\/wp\/v2\/users\/6"}],"replies":[{"embeddable":true,"href":"https:\/\/atelier-filmfest.com\/archives\/wp-json\/wp\/v2\/comments?post=4879"}],"version-history":[{"count":4,"href":"https:\/\/atelier-filmfest.com\/archives\/wp-json\/wp\/v2\/pages\/4879\/revisions"}],"predecessor-version":[{"id":6010,"href":"https:\/\/atelier-filmfest.com\/archives\/wp-json\/wp\/v2\/pages\/4879\/revisions\/6010"}],"wp:attachment":[{"href":"https:\/\/atelier-filmfest.com\/archives\/wp-json\/wp\/v2\/media?parent=4879"}],"curies":[{"name":"wp","href":"https:\/\/api.w.org\/{rel}","templated":true}]}}