 
 {"id":5711,"date":"2019-12-19T17:39:13","date_gmt":"2019-12-19T16:39:13","guid":{"rendered":"https:\/\/atelier-filmfest.com\/?page_id=5711"},"modified":"2021-03-24T21:26:58","modified_gmt":"2021-03-24T20:26:58","slug":"ensa-nantes","status":"publish","type":"page","link":"https:\/\/atelier-filmfest.com\/archives\/ensa-nantes\/","title":{"rendered":"ENSA Nantes"},"content":{"rendered":"<p>Cr\u00e9\u00e9e en 1984 \u00e0 Clermont-Ferrand, ouverte \u00e0 Nantes depuis 1999, la formation DPEA (dipl\u00f4me propre aux \u00e9coles d&rsquo;architecture) Sc\u00e9nographe est fond\u00e9e sur l&rsquo;id\u00e9e que l&rsquo;architecture, l&rsquo;urbain, le paysage, ont ceci en commun avec le th\u00e9\u00e2tre et le cin\u00e9ma, qu&rsquo;ils conjuguent l&rsquo;espace, le temps et l&rsquo;action pour susciter, chacun \u00e0 leur mani\u00e8re, sens et valeur.<\/p>\n<p>S&rsquo;\u00e9largissant \u00e0 la question de l&rsquo;architecture et de l&rsquo;espace urbain, la sc\u00e9nographie se d\u00e9finit comme une discipline op\u00e9ratoire, artistique et professionnelle.<\/p>\n<p>Dans son acceptation contemporaine, la sc\u00e9nographie est d\u00e9finie comme l&rsquo;acte de concevoir l&rsquo;espace sensible propice \u00e0 la repr\u00e9sentation ou pr\u00e9sentation publique d&rsquo;une oeuvre, d&rsquo;un objet, d&rsquo;un \u00e9v\u00e8nement. La sc\u00e9nologie est d\u00e9finie comme l&rsquo;\u00e9tude scientifique de la sc\u00e9nographe et constitue ainsi un domaine de recherche. Elle vise la production de connaissances th\u00e9oriques scientifiques. La sc\u00e9nographie est l&rsquo;art de la transformation d&rsquo;un espace en sc\u00e8ne, en lieu sc\u00e9nique : c&rsquo;est une pratique op\u00e9rationnelle de l&rsquo;espace, d&rsquo;autres approches artistiques et cr\u00e9atives participent \u00e0 ces transformations. Depuis la rentr\u00e9e scolaire 2015, l&rsquo;\u00e9quipe p\u00e9dagogique propose un DPEA avec deux mentions, <strong>Spectacle vivant \/ Architecture des lieux sc\u00e9niques \/ Mus\u00e9ographie<\/strong> ou <strong>Lumi\u00e8re \/ Image \/ Art performatif \/ M\u00e9diation<\/strong> avec l&rsquo;\u00c9cole sup\u00e9rieure des beaux-arts de Nantes M\u00e9tropole.<\/p>\n<p>&nbsp;<\/p>\n<p><img decoding=\"async\" loading=\"lazy\" class=\" wp-image-5712 aligncenter\" src=\"https:\/\/atelier-filmfest.com\/archives\/wp-content\/uploads\/2019\/12\/logo_mobil-300x79.png\" alt=\"\" width=\"372\" height=\"98\" srcset=\"https:\/\/atelier-filmfest.com\/archives\/wp-content\/uploads\/2019\/12\/logo_mobil-300x79.png 300w, https:\/\/atelier-filmfest.com\/archives\/wp-content\/uploads\/2019\/12\/logo_mobil.png 484w\" sizes=\"(max-width: 372px) 100vw, 372px\" \/><\/p>\n","protected":false},"excerpt":{"rendered":"<p>Cr\u00e9\u00e9e en 1984 \u00e0 Clermont-Ferrand, ouverte \u00e0 Nantes depuis 1999, la formation DPEA (dipl\u00f4me propre aux \u00e9coles d&rsquo;architecture) Sc\u00e9nographe est fond\u00e9e sur l&rsquo;id\u00e9e que l&rsquo;architecture, l&rsquo;urbain, le paysage, ont ceci en commun avec le th\u00e9\u00e2tre et le cin\u00e9ma, qu&rsquo;ils conjuguent l&rsquo;espace, le temps et l&rsquo;action pour susciter, chacun \u00e0 leur&#8230;<\/p>\n<p><a class='more-link' href='https:\/\/atelier-filmfest.com\/archives\/ensa-nantes\/'><span class='screen-reader-text'>ENSA Nantes<\/span><\/a><\/p>","protected":false},"author":8,"featured_media":0,"parent":0,"menu_order":0,"comment_status":"closed","ping_status":"closed","template":"","meta":[],"_links":{"self":[{"href":"https:\/\/atelier-filmfest.com\/archives\/wp-json\/wp\/v2\/pages\/5711"}],"collection":[{"href":"https:\/\/atelier-filmfest.com\/archives\/wp-json\/wp\/v2\/pages"}],"about":[{"href":"https:\/\/atelier-filmfest.com\/archives\/wp-json\/wp\/v2\/types\/page"}],"author":[{"embeddable":true,"href":"https:\/\/atelier-filmfest.com\/archives\/wp-json\/wp\/v2\/users\/8"}],"replies":[{"embeddable":true,"href":"https:\/\/atelier-filmfest.com\/archives\/wp-json\/wp\/v2\/comments?post=5711"}],"version-history":[{"count":1,"href":"https:\/\/atelier-filmfest.com\/archives\/wp-json\/wp\/v2\/pages\/5711\/revisions"}],"predecessor-version":[{"id":6118,"href":"https:\/\/atelier-filmfest.com\/archives\/wp-json\/wp\/v2\/pages\/5711\/revisions\/6118"}],"wp:attachment":[{"href":"https:\/\/atelier-filmfest.com\/archives\/wp-json\/wp\/v2\/media?parent=5711"}],"curies":[{"name":"wp","href":"https:\/\/api.w.org\/{rel}","templated":true}]}}