 
 {"id":843,"date":"2012-11-23T16:09:11","date_gmt":"2012-11-23T15:09:11","guid":{"rendered":"http:\/\/atelierclermontfilmfest.wordpress.com\/?page_id=843"},"modified":"2021-03-24T21:26:58","modified_gmt":"2021-03-24T20:26:58","slug":"informationscontacts","status":"publish","type":"page","link":"https:\/\/atelier-filmfest.com\/archives\/informationscontacts\/","title":{"rendered":"Informations \/ Contacts"},"content":{"rendered":"<div align=\"center\"><iframe loading=\"lazy\" style=\"border: 0;\" src=\"https:\/\/www.google.com\/maps\/embed?pb=!1m14!1m8!1m3!1d11132.666348632827!2d3.0810199!3d45.7678516!3m2!1i1024!2i768!4f13.1!3m3!1m2!1s0x47f71be5c4612561%3A0x9879e6b453db21cf!2sGroupe+ESC+Clermont%2C+4+Boulevard+Trudaine%2C+63000+Clermont-Ferrand!5e0!3m2!1sfr!2sfr!4v1450365669514\" width=\"600\" height=\"450\" frameborder=\"0\" allowfullscreen=\"allowfullscreen\"><\/iframe><\/div>\n<ul>\n<li><strong>Horaires et jours d&rsquo;ouverture :<\/strong><\/li>\n<\/ul>\n<p>Du lundi 04 f\u00e9vrier au vendredi 08 f\u00e9vrier 2019. Ouvert de 10h \u00e0 12h et de 14h\u00a0\u00e0 17h00.<\/p>\n<ul>\n<li><strong>Localisation de l&rsquo;Atelier :<\/strong><\/li>\n<\/ul>\n<p>\u00c9cole sup\u00e9rieure de Commerce de Clermont-ferrand<\/p>\n<p>4 Boulevard Trudaine 63000 Clermont-ferrand<\/p>\n<ul>\n<li><strong>Contacts :<\/strong><\/li>\n<\/ul>\n<p><a href=\"mailto:j.ters@clermont-filmfest.com\">J\u00e9r\u00f4me Ters<\/a> :\u00a004 73 14 73 13 &#8211;\u00a0j.ters@clermont-filmfest.com<\/p>\n<p><a href=\"mailto: jpouillet@clermont-fd.archi.fr\">Jacques Pouillet<\/a> :\u00a004 73 34 71 70 &#8211;\u00a0jpouillet@clermont-fd.archi.fr<\/p>\n","protected":false},"excerpt":{"rendered":"<p>Horaires et jours d&rsquo;ouverture : Du lundi 04 f\u00e9vrier au vendredi 08 f\u00e9vrier 2019. Ouvert de 10h \u00e0 12h et de 14h\u00a0\u00e0 17h00. Localisation de l&rsquo;Atelier : \u00c9cole sup\u00e9rieure de Commerce de Clermont-ferrand 4 Boulevard Trudaine 63000 Clermont-ferrand Contacts : J\u00e9r\u00f4me Ters :\u00a004 73 14 73 13 &#8211;\u00a0j.ters@clermont-filmfest.com Jacques Pouillet&#8230;<\/p>\n<p><a class='more-link' href='https:\/\/atelier-filmfest.com\/archives\/informationscontacts\/'><span class='screen-reader-text'>Informations \/ Contacts<\/span><\/a><\/p>","protected":false},"author":3,"featured_media":0,"parent":0,"menu_order":0,"comment_status":"closed","ping_status":"closed","template":"","meta":[],"_links":{"self":[{"href":"https:\/\/atelier-filmfest.com\/archives\/wp-json\/wp\/v2\/pages\/843"}],"collection":[{"href":"https:\/\/atelier-filmfest.com\/archives\/wp-json\/wp\/v2\/pages"}],"about":[{"href":"https:\/\/atelier-filmfest.com\/archives\/wp-json\/wp\/v2\/types\/page"}],"author":[{"embeddable":true,"href":"https:\/\/atelier-filmfest.com\/archives\/wp-json\/wp\/v2\/users\/3"}],"replies":[{"embeddable":true,"href":"https:\/\/atelier-filmfest.com\/archives\/wp-json\/wp\/v2\/comments?post=843"}],"version-history":[{"count":1,"href":"https:\/\/atelier-filmfest.com\/archives\/wp-json\/wp\/v2\/pages\/843\/revisions"}],"predecessor-version":[{"id":6122,"href":"https:\/\/atelier-filmfest.com\/archives\/wp-json\/wp\/v2\/pages\/843\/revisions\/6122"}],"wp:attachment":[{"href":"https:\/\/atelier-filmfest.com\/archives\/wp-json\/wp\/v2\/media?parent=843"}],"curies":[{"name":"wp","href":"https:\/\/api.w.org\/{rel}","templated":true}]}}